{"id":23,"date":"2016-03-07T15:24:57","date_gmt":"2016-03-07T15:24:57","guid":{"rendered":"http:\/\/wn-ta422.de\/?page_id=23"},"modified":"2016-03-07T15:24:57","modified_gmt":"2016-03-07T15:24:57","slug":"winterfest","status":"publish","type":"page","link":"https:\/\/wn-ta422.de\/?page_id=23","title":{"rendered":"Winterfest"},"content":{"rendered":"<p><strong>Hier unsere Checkliste zum einmotten:<\/strong><\/p>\n<ul>\n<li>Putzen (fakultativ)<\/li>\n<li>Wasser\/Abwasser\n<ul>\n<li>WC Abwasser leeren, aussp\u00fclen und trocknen<\/li>\n<li>WC Sp\u00fclwasser leeren, aussp\u00fclen und trocknen<\/li>\n<li>Wassertank leeren, aussp\u00fclen trocknen, Ablasshahn \u00f6ffnen<\/li>\n<li>Abwassertank leeren, aussp\u00fclen trocknen, Ablasshahn \u00f6ffnen<\/li>\n<li>Heizung leeren, ausblasen ventile \u00f6ffnen<\/li>\n<\/ul>\n<\/li>\n<li>Gasflaschen zudrehen, alle Gash\u00e4hne zu<\/li>\n<li>Alle Fl\u00fcssigkeiten raus (Putzmittel, WC Chemie, Essig\/\u00d6l)<\/li>\n<li>Voll tanken<\/li>\n<li>Frostschutz in Scheibenputzanlage<\/li>\n<li>Reifendruck pr\u00fcfen<\/li>\n<li>Aufbocken<\/li>\n<li>Erhaltestrom anschiessen<\/li>\n<li>Abmelden<\/li>\n<\/ul>\n<p><strong>Und wachk\u00fcssen:<\/strong><\/p>\n<ul>\n<li>Wassertank mit Chemie f\u00fcllen und wirken lassen, umpumpen, im Abwassertank wirken lassen, wiederholen, sp\u00fclen<\/li>\n<li><\/li>\n<\/ul>\n","protected":false},"excerpt":{"rendered":"<p>Hier unsere Checkliste zum einmotten: Putzen (fakultativ) Wasser\/Abwasser WC Abwasser leeren, aussp\u00fclen und trocknen WC Sp\u00fclwasser leeren, aussp\u00fclen und trocknen Wassertank leeren, aussp\u00fclen trocknen, Ablasshahn \u00f6ffnen Abwassertank leeren, aussp\u00fclen trocknen, Ablasshahn \u00f6ffnen Heizung leeren, ausblasen ventile \u00f6ffnen Gasflaschen zudrehen, alle Gash\u00e4hne zu Alle Fl\u00fcssigkeiten raus (Putzmittel, WC Chemie, Essig\/\u00d6l) Voll tanken Frostschutz in Scheibenputzanlage Reifendruck &hellip; <a href=\"https:\/\/wn-ta422.de\/?page_id=23\" class=\"more-link\"><span class=\"screen-reader-text\">\u201eWinterfest\u201c <\/span>weiterlesen<\/a><\/p>\n","protected":false},"author":1,"featured_media":0,"parent":0,"menu_order":0,"comment_status":"closed","ping_status":"closed","template":"","meta":{"jetpack_post_was_ever_published":false,"footnotes":""},"class_list":["post-23","page","type-page","status-publish","hentry"],"jetpack_sharing_enabled":true,"jetpack_shortlink":"https:\/\/wp.me\/Panadk-n","_links":{"self":[{"href":"https:\/\/wn-ta422.de\/index.php?rest_route=\/wp\/v2\/pages\/23","targetHints":{"allow":["GET"]}}],"collection":[{"href":"https:\/\/wn-ta422.de\/index.php?rest_route=\/wp\/v2\/pages"}],"about":[{"href":"https:\/\/wn-ta422.de\/index.php?rest_route=\/wp\/v2\/types\/page"}],"author":[{"embeddable":true,"href":"https:\/\/wn-ta422.de\/index.php?rest_route=\/wp\/v2\/users\/1"}],"replies":[{"embeddable":true,"href":"https:\/\/wn-ta422.de\/index.php?rest_route=%2Fwp%2Fv2%2Fcomments&post=23"}],"version-history":[{"count":1,"href":"https:\/\/wn-ta422.de\/index.php?rest_route=\/wp\/v2\/pages\/23\/revisions"}],"predecessor-version":[{"id":24,"href":"https:\/\/wn-ta422.de\/index.php?rest_route=\/wp\/v2\/pages\/23\/revisions\/24"}],"wp:attachment":[{"href":"https:\/\/wn-ta422.de\/index.php?rest_route=%2Fwp%2Fv2%2Fmedia&parent=23"}],"curies":[{"name":"wp","href":"https:\/\/api.w.org\/{rel}","templated":true}]}}